{"id":3,"date":"2025-06-17T16:17:12","date_gmt":"2025-06-17T14:17:12","guid":{"rendered":"https:\/\/www.fliesen-guth.at\/?page_id=3"},"modified":"2025-07-09T10:08:01","modified_gmt":"2025-07-09T08:08:01","slug":"impressum","status":"publish","type":"page","link":"https:\/\/www.fliesen-guth.at\/en\/impressum\/","title":{"rendered":"Legal Notice"},"content":{"rendered":"<div style=\"height:0px\" aria-hidden=\"true\" class=\"wp-block-spacer\"><\/div>\n\n\n\n<p>Guth Fliesenverlegungs GmbH<br>Sobieskigasse 1b <br>1090 Vienna, Austria <br>FN: 304892x <br>UID-Nr: ATU 64002634 <br>Telefon: +43 1 317 62 48 <\/p>\n\n\n\n<p>E-Mail: fliesen.guth@aon.at \u2028<br>Homepage: www.fliesen-guth.at<\/p>\n\n\n\n<div style=\"height:0px\" aria-hidden=\"true\" class=\"wp-block-spacer\"><\/div>\n\n\n\n<p>Further information:<br><a href=\"https:\/\/www.wkoecg.at\/Web\/Ecg.aspx?FirmaID=cba821a2-7ed4-4e53-ba19-a8896fff9b47\" target=\"_blank\"><img decoding=\"async\" src=\"https:\/\/www.wkoecg.at\/Web\/Library\/img\/ecg.gif\" alt=\"Informationen zu E-Commerce und Mediengesetz\"><\/a><\/p>\n\n\n\n<div style=\"height:0px\" aria-hidden=\"true\" class=\"wp-block-spacer\"><\/div>\n\n\n\n<p>Content responsibility: Dagmar Guth<\/p>\n\n\n\n<div style=\"height:0px\" aria-hidden=\"true\" class=\"wp-block-spacer\"><\/div>\n\n\n\n<p>Website programming: <br>72solutions GmbH \u2028<br>Gersthofer Stra\u00dfe 138\/8\u2028 <br>1180 Wien, \u00d6sterreich\u2028 <br>Telefon: +43 1 276 00 34 \u2028<br>Fax: +43 1 817 49 55 \/ 1287\u2028 <br>Email: office@72solutions.eu \u2028<br>Homepage: www.72solutions.eu<\/p>\n\n\n\n<div style=\"height:0px\" aria-hidden=\"true\" class=\"wp-block-spacer\"><\/div>\n\n\n\n<p><strong>Copyright and Disclaimer:<\/strong>All rights to the content and images displayed on this website are owned by Guth Fliesenverlegungs GmbH or its partners. Use by third parties is permitted only with the express prior consent of the respective rights holder. Guth Fliesenverlegungs GmbH has no influence over the content of external websites linked on this site and assumes no liability for their content.<\/p>\n\n\n\n<p><strong>Privacy Policy \/ Information Obligation Statement:<\/strong> The protection of your personal data is especially important to us. We therefore process your data exclusively in accordance with the applicable legal regulations (GDPR, TKG 2003). In this privacy notice, we inform you about the most important aspects of data processing on our website.<\/p>\n\n\n\n<p><strong>Data Storage:<\/strong> The personal data you provide (name, address, telephone number, and email address) will be stored by us for the purpose of contract processing. The data you provide is necessary for the performance of the contract and for carrying out pre-contractual measures. Without this data, we cannot conclude a contract with you.\n\nTo fulfill your order, it may be necessary to transfer your data to third parties that we engage to perform services and to whom we provide data. Any such transfer is carried out solely on the basis of fulfilling your order.\n\nWe may also transmit your data to our tax advisor in order to comply with our legal tax obligations.\n\nIn the event of a contract being concluded, all data from the contractual relationship will be stored until the end of the statutory retention period (7 years). We will not retain your data any longer than necessary to fulfill our contractual and legal obligations or to defend against any potential liability claims.<\/p>\n\n\n\n<p class=\"translation-block\">Your Rights:\nYou have the right to access, rectification, erasure, restriction of processing, data portability, and the right to withdraw consent or object to the processing of your personal data. If you believe that the processing of your data violates data protection laws or that your data protection rights have been infringed in any other way, you may lodge a complaint with the supervisory authority. In Austria, this is the Data Protection Authority.<\/p>\n\n\n\n<h3 class=\"wp-block-heading\"><strong>Embedded Content from Other Websites<\/strong><\/h3>\n\n\n\n<p>Text suggestion:<strong class=\"privacy-policy-tutorial\"> <\/strong>Beitr\u00e4ge auf dieser Website k\u00f6nnen eingebettete Inhalte beinhalten (z.\u00a0B. Videos, Bilder, Beitr\u00e4ge etc.). Eingebettete Inhalte von anderen Websites verhalten sich exakt so, als ob der Besucher die andere Website besucht h\u00e4tte.<\/p>\n\n\n\n<p>Diese Websites k\u00f6nnen Daten \u00fcber dich sammeln, Cookies benutzen, zus\u00e4tzliche Tracking-Dienste von Dritten einbetten und deine Interaktion mit diesem eingebetteten Inhalt aufzeichnen, inklusive deiner Interaktion mit dem eingebetteten Inhalt, falls du ein Konto hast und auf dieser Website angemeldet bist.<\/p>","protected":false},"excerpt":{"rendered":"<p>Guth Fliesenverlegungs GmbHSobieskigasse 1b 1090 Wien, \u00d6sterreich FN: 304892x UID-Nr: ATU 64002634 Telefon: +43 1 317 62 48 E-Mail: fliesen.guth@aon.at \u2028Homepage: www.fliesen-guth.at Weitere Informationen: F\u00fcr den Inhalt verantwortlich: Dagmar Guth F\u00fcr Programmierung der Webseite verantwortlich:\u2028 72solutions GmbH \u2028Gersthofer Stra\u00dfe 138\/8\u2028 1180 Wien, \u00d6sterreich\u2028 Telefon: +43 1 276 00 34 \u2028Fax: +43 1 817 49 55 [&hellip;]<\/p>\n","protected":false},"author":1,"featured_media":0,"parent":0,"menu_order":0,"comment_status":"closed","ping_status":"open","template":"","meta":{"footnotes":""},"class_list":["post-3","page","type-page","status-publish","hentry"],"_links":{"self":[{"href":"https:\/\/www.fliesen-guth.at\/en\/wp-json\/wp\/v2\/pages\/3","targetHints":{"allow":["GET"]}}],"collection":[{"href":"https:\/\/www.fliesen-guth.at\/en\/wp-json\/wp\/v2\/pages"}],"about":[{"href":"https:\/\/www.fliesen-guth.at\/en\/wp-json\/wp\/v2\/types\/page"}],"author":[{"embeddable":true,"href":"https:\/\/www.fliesen-guth.at\/en\/wp-json\/wp\/v2\/users\/1"}],"replies":[{"embeddable":true,"href":"https:\/\/www.fliesen-guth.at\/en\/wp-json\/wp\/v2\/comments?post=3"}],"version-history":[{"count":2,"href":"https:\/\/www.fliesen-guth.at\/en\/wp-json\/wp\/v2\/pages\/3\/revisions"}],"predecessor-version":[{"id":153,"href":"https:\/\/www.fliesen-guth.at\/en\/wp-json\/wp\/v2\/pages\/3\/revisions\/153"}],"wp:attachment":[{"href":"https:\/\/www.fliesen-guth.at\/en\/wp-json\/wp\/v2\/media?parent=3"}],"curies":[{"name":"wp","href":"https:\/\/api.w.org\/{rel}","templated":true}]}}