{"id":23,"date":"2025-06-18T09:54:45","date_gmt":"2025-06-18T07:54:45","guid":{"rendered":"https:\/\/www.fliesen-guth.at\/?page_id=23"},"modified":"2025-07-09T13:42:31","modified_gmt":"2025-07-09T11:42:31","slug":"uber-uns","status":"publish","type":"page","link":"https:\/\/www.fliesen-guth.at\/en\/uber-uns\/","title":{"rendered":"About us"},"content":{"rendered":"<div style=\"height:0px\" aria-hidden=\"true\" class=\"wp-block-spacer\"><\/div>\n\n\n\n<p>The company Guth was founded on April 1, 2000.<\/p>\n\n\n\n<p>Our services range from project-based work on residential buildings, office complexes, and schools to installations in private homes.<\/p>\n\n\n\n<p><\/p>","protected":false},"excerpt":{"rendered":"<p>Die Firma Guth wurde am 01.04.2000 gegr\u00fcndet. Unsere T\u00e4tigkeit erstreckt sich von objektbezogenen Arbeiten wie Wohnbau, B\u00fcrogeb\u00e4uden bzw. Schulen bis hin zur Verlegung im Privatbereich.<\/p>","protected":false},"author":1,"featured_media":45,"parent":0,"menu_order":0,"comment_status":"closed","ping_status":"closed","template":"","meta":{"footnotes":""},"class_list":["post-23","page","type-page","status-publish","has-post-thumbnail","hentry"],"_links":{"self":[{"href":"https:\/\/www.fliesen-guth.at\/en\/wp-json\/wp\/v2\/pages\/23","targetHints":{"allow":["GET"]}}],"collection":[{"href":"https:\/\/www.fliesen-guth.at\/en\/wp-json\/wp\/v2\/pages"}],"about":[{"href":"https:\/\/www.fliesen-guth.at\/en\/wp-json\/wp\/v2\/types\/page"}],"author":[{"embeddable":true,"href":"https:\/\/www.fliesen-guth.at\/en\/wp-json\/wp\/v2\/users\/1"}],"replies":[{"embeddable":true,"href":"https:\/\/www.fliesen-guth.at\/en\/wp-json\/wp\/v2\/comments?post=23"}],"version-history":[{"count":2,"href":"https:\/\/www.fliesen-guth.at\/en\/wp-json\/wp\/v2\/pages\/23\/revisions"}],"predecessor-version":[{"id":161,"href":"https:\/\/www.fliesen-guth.at\/en\/wp-json\/wp\/v2\/pages\/23\/revisions\/161"}],"wp:featuredmedia":[{"embeddable":true,"href":"https:\/\/www.fliesen-guth.at\/en\/wp-json\/wp\/v2\/media\/45"}],"wp:attachment":[{"href":"https:\/\/www.fliesen-guth.at\/en\/wp-json\/wp\/v2\/media?parent=23"}],"curies":[{"name":"wp","href":"https:\/\/api.w.org\/{rel}","templated":true}]}}